{"id":3059,"date":"2018-03-19T10:51:57","date_gmt":"2018-03-19T09:51:57","guid":{"rendered":"http:\/\/luttersped.de\/?page_id=3059"},"modified":"2024-07-07T21:10:46","modified_gmt":"2024-07-07T20:10:46","slug":"imprint","status":"publish","type":"page","link":"https:\/\/luttersped.de\/en\/imprint\/","title":{"rendered":"Imprint"},"content":{"rendered":"\n<style type=\"text\/css\" data-created_by=\"avia_inline_auto\" id=\"style-css-av-9sbjar-31cee9693cb3614dcbdc927ee4451030\">\n#top .flex_column.av-9sbjar-31cee9693cb3614dcbdc927ee4451030{\nmargin-top:0px;\nmargin-bottom:-50px;\n}\n.flex_column.av-9sbjar-31cee9693cb3614dcbdc927ee4451030{\nborder-radius:0px 0px 0px 0px;\npadding:0px 0px 0px 0px;\n}\n.responsive #top #wrap_all .flex_column.av-9sbjar-31cee9693cb3614dcbdc927ee4451030{\nmargin-top:0px;\nmargin-bottom:-50px;\n}\n<\/style>\n<div  class='flex_column av-9sbjar-31cee9693cb3614dcbdc927ee4451030 av_one_full  avia-builder-el-0  el_before_av_one_full  avia-builder-el-first  first flex_column_div av-animated-generic bottom-to-top av-zero-column-padding  '     ><p>\n<style type=\"text\/css\" data-created_by=\"avia_inline_auto\" id=\"style-css-av-7sbstv-f0002a5e0ca4b19841a60f3da7a8c7a3\">\n#top .av-special-heading.av-7sbstv-f0002a5e0ca4b19841a60f3da7a8c7a3{\npadding-bottom:0;\n}\nbody .av-special-heading.av-7sbstv-f0002a5e0ca4b19841a60f3da7a8c7a3 .av-special-heading-tag .heading-char{\nfont-size:25px;\n}\n.av-special-heading.av-7sbstv-f0002a5e0ca4b19841a60f3da7a8c7a3 .av-subheading{\nfont-size:15px;\n}\n<\/style>\n<div  class='av-special-heading av-7sbstv-f0002a5e0ca4b19841a60f3da7a8c7a3 av-special-heading-h2 blockquote modern-quote modern-centered  avia-builder-el-1  el_before_av_hr  avia-builder-el-first '><h2 class='av-special-heading-tag '  itemprop=\"headline\"  >Imprint<\/h2><div class=\"special-heading-border\"><div class=\"special-heading-inner-border\"><\/div><\/div><\/div><br \/>\n\n<style type=\"text\/css\" data-created_by=\"avia_inline_auto\" id=\"style-css-av-5oqe5f-9c5befe49d47884893018dd004c3bfab\">\n#top .hr.av-5oqe5f-9c5befe49d47884893018dd004c3bfab{\nmargin-top:5px;\nmargin-bottom:35px;\n}\n.hr.av-5oqe5f-9c5befe49d47884893018dd004c3bfab .hr-inner{\nwidth:50px;\nborder-color:#ab2524;\n}\n<\/style>\n<div  class='hr av-5oqe5f-9c5befe49d47884893018dd004c3bfab hr-custom  avia-builder-el-2  el_after_av_heading  avia-builder-el-last  hr-center hr-icon-no'><span class='hr-inner inner-border-av-border-fat'><span class=\"hr-inner-style\"><\/span><\/span><\/div><\/p><\/div>\n\n<style type=\"text\/css\" data-created_by=\"avia_inline_auto\" id=\"style-css-av-48rogz-47c7345631196b37724c34bd38ca976e\">\n.flex_column.av-48rogz-47c7345631196b37724c34bd38ca976e{\nborder-radius:0px 0px 0px 0px;\npadding:0px 0px 0px 0px;\n}\n<\/style>\n<div  class='flex_column av-48rogz-47c7345631196b37724c34bd38ca976e av_one_full  avia-builder-el-3  el_after_av_one_full  el_before_av_one_full  first flex_column_div av-animated-generic bottom-to-top av-zero-column-padding  column-top-margin'     ><section  class='av_textblock_section av-2b16dv-bb2d37463db801564d7b325ee65540a3 '   itemscope=\"itemscope\" itemtype=\"https:\/\/schema.org\/CreativeWork\" ><div class='avia_textblock'  itemprop=\"text\" ><p>Lutter Spedition GmbH &amp; Co. KG<br \/>\nEdisonstra\u00dfe 8<br \/>\n59199 B\u00f6nen<\/p>\n<p><strong>Vertreten durch:<\/strong><\/p>\n<p>Komplement\u00e4rin: Gerold-Speditions GmbH, 59199 B\u00f6nen &#8211; HRB 4232 Unna<br \/>\nGesch\u00e4ftsf\u00fchrer: Paul Gerold, Thomas Gerold, Martin Gerold<\/p>\n<p><strong>Inhaltlich Verantwortlicher gem\u00e4\u00df \u00a7 10 MDStV:<\/strong><\/p>\n<p>Martin Gerold<\/p>\n<p><strong>Kontakt:<\/strong><\/p>\n<p>Tel.: 02383-9351-0<br \/>\nFax: 02383-935120<br \/>\ne-Mail: verwaltung@luttersped.de<\/p>\n<p><strong>Registereintrag:<\/strong><\/p>\n<p>Eintragung im Handelsregister.<br \/>\nRegistergericht: Kamen<br \/>\nRegisternummer: HRA 2774<\/p>\n<p><strong>Umsatzsteuer-ID:<\/strong><\/p>\n<p>Umsatzsteuer-Identifikationsnummer gem\u00e4\u00df \u00a727 a Umsatzsteuergesetz:<br \/>\nDE 202917883<\/p>\n<p><strong>Aufsichtsbeh\u00f6rde:<\/strong><\/p>\n<p>Unsere Transportt\u00e4tigkeiten unterliegen der Kontrolle durch das Bundesamt f\u00fcr G\u00fcterverkehr, Werderstrasse 34, 50672 K\u00f6ln<br \/>\nTransporte f\u00fchren wir mit g\u00fcltiger EG-Lizenz, erteilt durch den Landrat des Kreises Unna, Friedrich-Ebert-Str. 17, 59425 Unna durch.<\/p>\n<p><strong>Angaben zur Berufshaftpflichtversicherung:<\/strong><\/p>\n<p>Name und Sitz der Gesellschaft:<br \/>\nKRAVAG-Logistic Versicherungs-AG, Niedersachsenring 13, 30163 Hannover<\/p>\n<p>Versicherte Bereiche:<br \/>\nBetriebs- und Umwelthaftpflicht sowie jegliche Transport- und Logistikdienstleistungen<\/p>\n<p>Geltungsraum der Versicherung:<br \/>\nWeltweit<\/p>\n<p><strong>Webdesign by:<\/strong><a href=\"https:\/\/www.sichtbar-im-netz.de\" target=\"_blank\" rel=\"noopener\"> sichtbar-im-netz.de<\/a><\/p>\n<p><strong>Bildrechte:<br \/>\n<\/strong>\u00a9Andreas Keuchel, <a href=\"http:\/\/www.andreas-keuchel.com\" target=\"_blank\" rel=\"noopener\">www.andreas-keuchel.com<\/a><br \/>\n\u00a9Lutter Spedition<\/p>\n<h2>Haftungsausschluss (Disclaimer)<\/h2>\n<p><strong>Haftung f\u00fcr Inhalte<\/strong><\/p>\n<p>Als Diensteanbieter sind wir gem\u00e4\u00df \u00a7 7 Abs.1 TMG f\u00fcr eigene Inhalte auf diesen Seiten nach den allgemeinen Gesetzen verantwortlich. Nach \u00a7\u00a7 8 bis 10 TMG sind wir als Diensteanbieter jedoch nicht verpflichtet, \u00fcbermittelte oder gespeicherte fremde Informationen zu \u00fcberwachen oder nach Umst\u00e4nden zu forschen, die auf eine rechtswidrige T\u00e4tigkeit hinweisen.<\/p>\n<p>Verpflichtungen zur Entfernung oder Sperrung der Nutzung von Informationen nach den allgemeinen Gesetzen bleiben hiervon unber\u00fchrt. Eine diesbez\u00fcgliche Haftung ist jedoch erst ab dem Zeitpunkt der Kenntnis einer konkreten Rechtsverletzung m\u00f6glich. Bei Bekanntwerden von entsprechenden Rechtsverletzungen werden wir diese Inhalte umgehend entfernen.<\/p>\n<p><strong>Haftung f\u00fcr Links<\/strong><\/p>\n<p>Unser Angebot enth\u00e4lt Links zu externen Webseiten Dritter, auf deren Inhalte wir keinen Einfluss haben. Deshalb k\u00f6nnen wir f\u00fcr diese fremden Inhalte auch keine Gew\u00e4hr \u00fcbernehmen. F\u00fcr die Inhalte der verlinkten Seiten ist stets der jeweilige Anbieter oder Betreiber der Seiten verantwortlich. Die verlinkten Seiten wurden zum Zeitpunkt der Verlinkung auf m\u00f6gliche Rechtsverst\u00f6\u00dfe \u00fcberpr\u00fcft. Rechtswidrige Inhalte waren zum Zeitpunkt der Verlinkung nicht erkennbar.<\/p>\n<p>Eine permanente inhaltliche Kontrolle der verlinkten Seiten ist jedoch ohne konkrete Anhaltspunkte einer Rechtsverletzung nicht zumutbar. Bei Bekanntwerden von Rechtsverletzungen werden wir derartige Links umgehend entfernen.<\/p>\n<p><strong>Urheberrecht<\/strong><\/p>\n<p>Die durch die Seitenbetreiber erstellten Inhalte und Werke auf diesen Seiten unterliegen dem deutschen Urheberrecht. Die Vervielf\u00e4ltigung, Bearbeitung, Verbreitung und jede Art der Verwertung au\u00dferhalb der Grenzen des Urheberrechtes bed\u00fcrfen der schriftlichen Zustimmung des jeweiligen Autors bzw. Erstellers. Downloads und Kopien dieser Seite sind nur f\u00fcr den privaten, nicht kommerziellen Gebrauch gestattet.<\/p>\n<p>Soweit die Inhalte auf dieser Seite nicht vom Betreiber erstellt wurden, werden die Urheberrechte Dritter beachtet. Insbesondere werden Inhalte Dritter als solche gekennzeichnet. Sollten Sie trotzdem auf eine Urheberrechtsverletzung aufmerksam werden, bitten wir um einen entsprechenden Hinweis. Bei Bekanntwerden von Rechtsverletzungen werden wir derartige Inhalte umgehend entfernen.<\/p>\n<p>Anbieterkennzeichnung nach \u00a7 6 Teledienstgesetz und \u00a7 10 Mediendienstestaatsvertrag 8 (MDStV)<\/p>\n<p>Quelle:Impressumgenerator von <a href=\"http:\/\/www.e-recht24.de\/\">http:\/\/www.e-recht24.de\/<\/a><\/p>\n<\/div><\/section><\/div>\n<style type=\"text\/css\" data-created_by=\"avia_inline_auto\" id=\"style-css-av-9ken9m-c935b8f89e3ec209cf2179b0e7d3b12b\">\n#top .flex_column.av-9ken9m-c935b8f89e3ec209cf2179b0e7d3b12b{\nmargin-top:1%;\nmargin-bottom:-4%;\n}\n.flex_column.av-9ken9m-c935b8f89e3ec209cf2179b0e7d3b12b{\nborder-radius:0px 0px 0px 0px;\npadding:0px 0px 0px 0px;\n}\n.responsive #top #wrap_all .flex_column.av-9ken9m-c935b8f89e3ec209cf2179b0e7d3b12b{\nmargin-top:1%;\nmargin-bottom:-4%;\n}\n<\/style>\n<div  class='flex_column av-9ken9m-c935b8f89e3ec209cf2179b0e7d3b12b av_one_full  avia-builder-el-5  el_after_av_one_full  avia-builder-el-last  first flex_column_div av-zero-column-padding  column-top-margin'     ><style type=\"text\/css\" data-created_by=\"avia_inline_auto\" id=\"style-css-av-jsssc8hn-0f5e0c0a4eab0942e87f0c65eff6cbb8\">\n#top .av_textblock_section.av-jsssc8hn-0f5e0c0a4eab0942e87f0c65eff6cbb8 .avia_textblock{\nfont-size:12px;\n}\n<\/style>\n<section  class='av_textblock_section av-jsssc8hn-0f5e0c0a4eab0942e87f0c65eff6cbb8 '   itemscope=\"itemscope\" itemtype=\"https:\/\/schema.org\/CreativeWork\" ><div class='avia_textblock'  itemprop=\"text\" ><p>You are here: <span><span><a href=\"https:\/\/luttersped.de\/start\/\">Start<\/a><\/span><\/span><\/p>\n<\/div><\/section><\/div><\/p>\n<div class=\"shariff shariff-align-flex-start shariff-widget-align-flex-start\"><div class=\"ShariffHeadline\">Diesen Beitrag teilen:<\/div><ul class=\"shariff-buttons theme-color orientation-horizontal buttonsize-medium\"><li class=\"shariff-button facebook shariff-nocustomcolor\" style=\"background-color:#4273c8\"><a href=\"https:\/\/www.facebook.com\/sharer\/sharer.php?u=https%3A%2F%2Fluttersped.de%2Fen%2Fimprint%2F\" title=\"Share on Facebook\" aria-label=\"Share on Facebook\" role=\"button\" rel=\"nofollow\" class=\"shariff-link\" style=\"; background-color:#3b5998; color:#fff\" target=\"_blank\"><span class=\"shariff-icon\" style=\"\"><svg width=\"32px\" height=\"20px\" xmlns=\"http:\/\/www.w3.org\/2000\/svg\" viewBox=\"0 0 18 32\"><path fill=\"#3b5998\" d=\"M17.1 0.2v4.7h-2.8q-1.5 0-2.1 0.6t-0.5 1.9v3.4h5.2l-0.7 5.3h-4.5v13.6h-5.5v-13.6h-4.5v-5.3h4.5v-3.9q0-3.3 1.9-5.2t5-1.8q2.6 0 4.1 0.2z\"\/><\/svg><\/span><span class=\"shariff-text\">share<\/span>&nbsp;<\/a><\/li><li class=\"shariff-button twitter shariff-nocustomcolor\" style=\"background-color:#595959\"><a href=\"https:\/\/twitter.com\/share?url=https%3A%2F%2Fluttersped.de%2Fen%2Fimprint%2F&text=Imprint\" title=\"Share on X\" aria-label=\"Share on X\" role=\"button\" rel=\"noopener nofollow\" class=\"shariff-link\" style=\"; background-color:#000; color:#fff\" target=\"_blank\"><span class=\"shariff-icon\" style=\"\"><svg width=\"32px\" height=\"20px\" xmlns=\"http:\/\/www.w3.org\/2000\/svg\" viewBox=\"0 0 24 24\"><path fill=\"#000\" d=\"M14.258 10.152L23.176 0h-2.113l-7.747 8.813L7.133 0H0l9.352 13.328L0 23.973h2.113l8.176-9.309 6.531 9.309h7.133zm-2.895 3.293l-.949-1.328L2.875 1.56h3.246l6.086 8.523.945 1.328 7.91 11.078h-3.246zm0 0\"\/><\/svg><\/span><span class=\"shariff-text\">share<\/span>&nbsp;<\/a><\/li><li class=\"shariff-button linkedin shariff-nocustomcolor\" style=\"background-color:#1488bf\"><a href=\"https:\/\/www.linkedin.com\/sharing\/share-offsite\/?url=https%3A%2F%2Fluttersped.de%2Fen%2Fimprint%2F\" title=\"Share on LinkedIn\" aria-label=\"Share on LinkedIn\" role=\"button\" rel=\"noopener nofollow\" class=\"shariff-link\" style=\"; background-color:#0077b5; color:#fff\" target=\"_blank\"><span class=\"shariff-icon\" style=\"\"><svg width=\"32px\" height=\"20px\" xmlns=\"http:\/\/www.w3.org\/2000\/svg\" viewBox=\"0 0 27 32\"><path fill=\"#0077b5\" d=\"M6.2 11.2v17.7h-5.9v-17.7h5.9zM6.6 5.7q0 1.3-0.9 2.2t-2.4 0.9h0q-1.5 0-2.4-0.9t-0.9-2.2 0.9-2.2 2.4-0.9 2.4 0.9 0.9 2.2zM27.4 18.7v10.1h-5.9v-9.5q0-1.9-0.7-2.9t-2.3-1.1q-1.1 0-1.9 0.6t-1.2 1.5q-0.2 0.5-0.2 1.4v9.9h-5.9q0-7.1 0-11.6t0-5.3l0-0.9h5.9v2.6h0q0.4-0.6 0.7-1t1-0.9 1.6-0.8 2-0.3q3 0 4.9 2t1.9 6z\"\/><\/svg><\/span><span class=\"shariff-text\">share<\/span>&nbsp;<\/a><\/li><li class=\"shariff-button xing shariff-nocustomcolor\" style=\"background-color:#29888a\"><a href=\"https:\/\/www.xing.com\/spi\/shares\/new?url=https%3A%2F%2Fluttersped.de%2Fen%2Fimprint%2F\" title=\"Share on XING\" aria-label=\"Share on XING\" role=\"button\" rel=\"noopener nofollow\" class=\"shariff-link\" style=\"; background-color:#126567; color:#fff\" target=\"_blank\"><span class=\"shariff-icon\" style=\"\"><svg width=\"32px\" height=\"20px\" xmlns=\"http:\/\/www.w3.org\/2000\/svg\" viewBox=\"0 0 25 32\"><path fill=\"#126567\" d=\"M10.7 11.9q-0.2 0.3-4.6 8.2-0.5 0.8-1.2 0.8h-4.3q-0.4 0-0.5-0.3t0-0.6l4.5-8q0 0 0 0l-2.9-5q-0.2-0.4 0-0.7 0.2-0.3 0.5-0.3h4.3q0.7 0 1.2 0.8zM25.1 0.4q0.2 0.3 0 0.7l-9.4 16.7 6 11q0.2 0.4 0 0.6-0.2 0.3-0.6 0.3h-4.3q-0.7 0-1.2-0.8l-6-11.1q0.3-0.6 9.5-16.8 0.4-0.8 1.2-0.8h4.3q0.4 0 0.5 0.3z\"\/><\/svg><\/span><span class=\"shariff-text\">share<\/span>&nbsp;<\/a><\/li><li class=\"shariff-button info shariff-nocustomcolor\" style=\"background-color:#a8a8a8\"><a href=\"http:\/\/ct.de\/-2467514\" title=\"More information\" aria-label=\"More information\" role=\"button\" rel=\"noopener \" class=\"shariff-link\" style=\"; background-color:#999; color:#fff\" target=\"_blank\"><span class=\"shariff-icon\" style=\"\"><svg width=\"32px\" height=\"20px\" xmlns=\"http:\/\/www.w3.org\/2000\/svg\" viewBox=\"0 0 11 32\"><path fill=\"#999\" d=\"M11.4 24v2.3q0 0.5-0.3 0.8t-0.8 0.4h-9.1q-0.5 0-0.8-0.4t-0.4-0.8v-2.3q0-0.5 0.4-0.8t0.8-0.4h1.1v-6.8h-1.1q-0.5 0-0.8-0.4t-0.4-0.8v-2.3q0-0.5 0.4-0.8t0.8-0.4h6.8q0.5 0 0.8 0.4t0.4 0.8v10.3h1.1q0.5 0 0.8 0.4t0.3 0.8zM9.2 3.4v3.4q0 0.5-0.4 0.8t-0.8 0.4h-4.6q-0.4 0-0.8-0.4t-0.4-0.8v-3.4q0-0.4 0.4-0.8t0.8-0.4h4.6q0.5 0 0.8 0.4t0.4 0.8z\"\/><\/svg><\/span><\/a><\/li><\/ul><\/div>","protected":false},"excerpt":{"rendered":"","protected":false},"author":1,"featured_media":0,"parent":0,"menu_order":0,"comment_status":"closed","ping_status":"closed","template":"","meta":{"footnotes":""},"class_list":["post-3059","page","type-page","status-publish","hentry"],"yoast_head":"<!-- This site is optimized with the Yoast SEO plugin v27.4 - https:\/\/yoast.com\/product\/yoast-seo-wordpress\/ -->\n<title>Imprint - Spedition Lutter<\/title>\n<meta name=\"robots\" content=\"index, follow, max-snippet:-1, max-image-preview:large, max-video-preview:-1\" \/>\n<link rel=\"canonical\" href=\"https:\/\/luttersped.de\/en\/imprint\/\" \/>\n<meta property=\"og:locale\" content=\"en_US\" \/>\n<meta property=\"og:type\" content=\"article\" \/>\n<meta property=\"og:title\" content=\"Imprint - Spedition Lutter\" \/>\n<meta property=\"og:url\" content=\"https:\/\/luttersped.de\/en\/imprint\/\" \/>\n<meta property=\"og:site_name\" content=\"Spedition Lutter\" \/>\n<meta property=\"article:modified_time\" content=\"2024-07-07T20:10:46+00:00\" \/>\n<meta name=\"twitter:card\" content=\"summary_large_image\" \/>\n<meta name=\"twitter:label1\" content=\"Est. reading time\" \/>\n\t<meta name=\"twitter:data1\" content=\"3 minutes\" \/>\n<!-- \/ Yoast SEO plugin. -->","yoast_head_json":{"title":"Imprint - Spedition Lutter","robots":{"index":"index","follow":"follow","max-snippet":"max-snippet:-1","max-image-preview":"max-image-preview:large","max-video-preview":"max-video-preview:-1"},"canonical":"https:\/\/luttersped.de\/en\/imprint\/","og_locale":"en_US","og_type":"article","og_title":"Imprint - Spedition Lutter","og_url":"https:\/\/luttersped.de\/en\/imprint\/","og_site_name":"Spedition Lutter","article_modified_time":"2024-07-07T20:10:46+00:00","twitter_card":"summary_large_image","twitter_misc":{"Est. reading time":"3 minutes"},"schema":{"@context":"https:\/\/schema.org","@graph":[{"@type":"WebPage","@id":"https:\/\/luttersped.de\/en\/imprint\/","url":"https:\/\/luttersped.de\/en\/imprint\/","name":"Imprint - Spedition Lutter","isPartOf":{"@id":"https:\/\/luttersped.de\/#website"},"datePublished":"2018-03-19T09:51:57+00:00","dateModified":"2024-07-07T20:10:46+00:00","breadcrumb":{"@id":"https:\/\/luttersped.de\/en\/imprint\/#breadcrumb"},"inLanguage":"en-US","potentialAction":[{"@type":"ReadAction","target":["https:\/\/luttersped.de\/en\/imprint\/"]}]},{"@type":"BreadcrumbList","@id":"https:\/\/luttersped.de\/en\/imprint\/#breadcrumb","itemListElement":[{"@type":"ListItem","position":1,"name":"Start","item":"https:\/\/luttersped.de\/start\/"},{"@type":"ListItem","position":2,"name":"Imprint"}]},{"@type":"WebSite","@id":"https:\/\/luttersped.de\/#website","url":"https:\/\/luttersped.de\/","name":"Spedition Lutter","description":"","publisher":{"@id":"https:\/\/luttersped.de\/#organization"},"potentialAction":[{"@type":"SearchAction","target":{"@type":"EntryPoint","urlTemplate":"https:\/\/luttersped.de\/?s={search_term_string}"},"query-input":{"@type":"PropertyValueSpecification","valueRequired":true,"valueName":"search_term_string"}}],"inLanguage":"en-US"},{"@type":"Organization","@id":"https:\/\/luttersped.de\/#organization","name":"Spedition Lutter GmbH & Co. KG","url":"https:\/\/luttersped.de\/","logo":{"@type":"ImageObject","inLanguage":"en-US","@id":"https:\/\/luttersped.de\/#\/schema\/logo\/image\/","url":"https:\/\/luttersped.de\/wp-content\/uploads\/lutter-spedition_logo_300x58.png","contentUrl":"https:\/\/luttersped.de\/wp-content\/uploads\/lutter-spedition_logo_300x58.png","width":300,"height":58,"caption":"Spedition Lutter GmbH & Co. KG"},"image":{"@id":"https:\/\/luttersped.de\/#\/schema\/logo\/image\/"}}]}},"_links":{"self":[{"href":"https:\/\/luttersped.de\/en\/wp-json\/wp\/v2\/pages\/3059","targetHints":{"allow":["GET"]}}],"collection":[{"href":"https:\/\/luttersped.de\/en\/wp-json\/wp\/v2\/pages"}],"about":[{"href":"https:\/\/luttersped.de\/en\/wp-json\/wp\/v2\/types\/page"}],"author":[{"embeddable":true,"href":"https:\/\/luttersped.de\/en\/wp-json\/wp\/v2\/users\/1"}],"replies":[{"embeddable":true,"href":"https:\/\/luttersped.de\/en\/wp-json\/wp\/v2\/comments?post=3059"}],"version-history":[{"count":2,"href":"https:\/\/luttersped.de\/en\/wp-json\/wp\/v2\/pages\/3059\/revisions"}],"predecessor-version":[{"id":22429,"href":"https:\/\/luttersped.de\/en\/wp-json\/wp\/v2\/pages\/3059\/revisions\/22429"}],"wp:attachment":[{"href":"https:\/\/luttersped.de\/en\/wp-json\/wp\/v2\/media?parent=3059"}],"curies":[{"name":"wp","href":"https:\/\/api.w.org\/{rel}","templated":true}]}}